{"id":2064,"date":"2023-01-11T10:12:28","date_gmt":"2023-01-11T10:12:28","guid":{"rendered":"https:\/\/sb-objektreinigung.de\/?page_id=2064"},"modified":"2026-03-21T22:20:11","modified_gmt":"2026-03-21T22:20:11","slug":"ueberblick","status":"publish","type":"page","link":"https:\/\/sb-objektreinigung.de\/en\/","title":{"rendered":"overview"},"content":{"rendered":"<p>[et_pb_section fb_built=&#8220;1&#8243; _builder_version=&#8220;4.19.4&#8243; _module_preset=&#8220;default&#8220; use_background_color_gradient=&#8220;on&#8220; background_color_gradient_direction=&#8220;90deg&#8220; background_color_gradient_stops=&#8220;rgba(255,255,255,0.74) 0%|rgba(255,255,255,0.99) 21%|rgba(255,255,255,0.96) 78%|rgba(255,255,255,0.37) 100%&#8220; background_color_gradient_overlays_image=&#8220;on&#8220; background_image=&#8220;https:\/\/sb-objektreinigung.de\/wp-content\/uploads\/2023\/01\/cleaning-services-09.jpg&#8220; width=&#8220;100%&#8220; max_width=&#8220;100%&#8220; custom_margin=&#8220;0px||0px||true|false&#8220; custom_padding=&#8220;0px||0px||true|false&#8220; global_colors_info=&#8220;{}&#8220;][et_pb_row column_structure=&#8220;1_2,1_2&#8243; use_custom_gutter=&#8220;on&#8220; gutter_width=&#8220;1&#8243; make_equal=&#8220;on&#8220; _builder_version=&#8220;4.19.5&#8243; _module_preset=&#8220;default&#8220; width=&#8220;100%&#8220; max_width=&#8220;100%&#8220; custom_margin=&#8220;0px|0px|0px|0px|true|true&#8220; custom_padding=&#8220;0px|0px|0px|0px|true|false&#8220; global_colors_info=&#8220;{}&#8220;][et_pb_column type=&#8220;1_2&#8243; _builder_version=&#8220;4.19.4&#8243; _module_preset=&#8220;default&#8220; background_color=&#8220;gcid-1975f089-ba3f-49f9-b3a7-d9cf74486b61&#8243; custom_padding=&#8220;70px|20px|30px|80px|false|false&#8220; global_colors_info=&#8220;{%22gcid-1975f089-ba3f-49f9-b3a7-d9cf74486b61%22:%91%22background_color%22%93}&#8220;][et_pb_text _builder_version=&#8220;4.19.5&#8243; _module_preset=&#8220;default&#8220; header_font=&#8220;|600|||||||&#8220; header_text_color=&#8220;#FFFFFF&#8220; header_font_size=&#8220;42px&#8220; custom_margin=&#8220;0px||25px||false|false&#8220; custom_padding=&#8220;0px||20px||false|false&#8220; header_font_size_tablet=&#8220;42px&#8220; header_font_size_phone=&#8220;30px&#8220; header_font_size_last_edited=&#8220;on|phone&#8220; global_colors_info=&#8220;{}&#8220;]<\/p>\n<h1>SB-Objektreinigung<\/h1>\n<p>[\/et_pb_text][et_pb_text _builder_version=&#8220;4.19.5&#8243; _module_preset=&#8220;default&#8220; text_font=&#8220;|700|||||||&#8220; text_text_color=&#8220;#FFFFFF&#8220; text_font_size=&#8220;26px&#8220; text_line_height=&#8220;1.2em&#8220; header_font_size=&#8220;42px&#8220; header_2_line_height=&#8220;1.1em&#8220; custom_margin=&#8220;0px||||false|false&#8220; custom_padding=&#8220;||10px||false|false&#8220; text_font_size_tablet=&#8220;26px&#8220; text_font_size_phone=&#8220;22px&#8220; text_font_size_last_edited=&#8220;on|phone&#8220; global_colors_info=&#8220;{}&#8220;]<\/p>\n<p>Ihr zuverl\u00e4ssiger Partner f\u00fcr Geb\u00e4udereinigung.<\/p>\n<p>Einfach kostenlose Vor-Ort-Beratung anfragen.<\/p>\n<p>[\/et_pb_text][et_pb_button button_url=&#8220;\/kontakt\/#kontaktinfos&#8220; button_text=&#8220;Jetzt Angebot erhalten&#8220; _builder_version=&#8220;4.19.4&#8243; _module_preset=&#8220;default&#8220; custom_margin=&#8220;15px||20px||false|false&#8220; custom_padding=&#8220;||||false|false&#8220; global_colors_info=&#8220;{}&#8220;][\/et_pb_button][\/et_pb_column][et_pb_column type=&#8220;1_2&#8243; _builder_version=&#8220;4.19.5&#8243; _module_preset=&#8220;default&#8220; background_color=&#8220;gcid-1975f089-ba3f-49f9-b3a7-d9cf74486b61&#8243; background_enable_image=&#8220;off&#8220; global_colors_info=&#8220;{%22gcid-1975f089-ba3f-49f9-b3a7-d9cf74486b61%22:%91%22background_color%22%93}&#8220;][et_pb_video src=&#8220;https:\/\/www.youtube.com\/watch?v=Lb37yTXz7i8&#8243; _builder_version=&#8220;4.19.5&#8243; _module_preset=&#8220;default&#8220; background_color=&#8220;gcid-1975f089-ba3f-49f9-b3a7-d9cf74486b61&#8243; custom_padding=&#8220;70px|30px|20px|30px|false|false&#8220; custom_padding_tablet=&#8220;40px||30px||false|false&#8220; custom_padding_phone=&#8220;20px|30px|20px|30px|false|false&#8220; custom_padding_last_edited=&#8220;on|desktop&#8220; global_colors_info=&#8220;{%22gcid-1975f089-ba3f-49f9-b3a7-d9cf74486b61%22:%91%22background_color%22%93}&#8220;][\/et_pb_video][\/et_pb_column][\/et_pb_row][\/et_pb_section][et_pb_section fb_built=&#8220;1&#8243; _builder_version=&#8220;4.19.4&#8243; _module_preset=&#8220;default&#8220; global_colors_info=&#8220;{}&#8220;][et_pb_row column_structure=&#8220;1_2,1_2&#8243; _builder_version=&#8220;4.19.5&#8243; _module_preset=&#8220;default&#8220; custom_margin=&#8220;||||true|false&#8220; custom_padding=&#8220;30px|30px|30px|30px|true|true&#8220; box_shadow_style=&#8220;preset1&#8243; global_colors_info=&#8220;{}&#8220;][et_pb_column type=&#8220;1_2&#8243; _builder_version=&#8220;4.19.4&#8243; _module_preset=&#8220;default&#8220; global_colors_info=&#8220;{}&#8220;][et_pb_text _builder_version=&#8220;4.19.5&#8243; _module_preset=&#8220;default&#8220; text_font=&#8220;||||||||&#8220; text_text_color=&#8220;gcid-45f1139d-6ac7-4ba2-a91c-347812d46b2e&#8220; text_line_height=&#8220;1.8em&#8220; header_2_font=&#8220;|600|||||||&#8220; header_2_text_color=&#8220;gcid-1975f089-ba3f-49f9-b3a7-d9cf74486b61&#8243; header_3_text_color=&#8220;gcid-1975f089-ba3f-49f9-b3a7-d9cf74486b61&#8243; header_3_font_size=&#8220;18px&#8220; global_colors_info=&#8220;{%22gcid-1975f089-ba3f-49f9-b3a7-d9cf74486b61%22:%91%22header_2_text_color%22,%22header_3_text_color%22%93,%22gcid-45f1139d-6ac7-4ba2-a91c-347812d46b2e%22:%91%22text_text_color%22%93}&#8220;]<\/p>\n<h3>Alles sauber im Handumdrehen<\/h3>\n<p>Unsere in K\u00f6ln ans\u00e4ssige Firma f\u00fcr Geb\u00e4udereinigung steht Ihnen mit einer Vielzahl von unterschiedlichen Leistungen und motivierten Fachkr\u00e4ften zur Verf\u00fcgung, um f\u00fcr die Sauberkeit und Ordnung in Ihren privaten oder gewerblich genutzten Einrichtungen zu sorgen.<\/p>\n<p>Wenn Sie in der Innenstadt K\u00f6ln oder in der weiteren Umgebung des Stadtgebietes ans\u00e4ssig sind, sind wir Ihr kompetenter Ansprechpartner f\u00fcr die Sauberkeit Ihrer R\u00e4umlichkeiten.<\/p>\n<p>Gr\u00fcndliche Arbeit nach individuell f\u00fcr Sie zusammengestelltem Leistungsumfang und Zeitvorgaben ist f\u00fcr uns eine Selbstverst\u00e4ndlichkeit. Rufen Sie uns noch heute an, um bei einem pers\u00f6nlichen Beratungsgespr\u00e4ch Ihr Anliegen mit uns zu besprechen.<\/p>\n<p>[\/et_pb_text][\/et_pb_column][et_pb_column type=&#8220;1_2&#8243; _builder_version=&#8220;4.19.4&#8243; _module_preset=&#8220;default&#8220; global_colors_info=&#8220;{}&#8220;][et_pb_icon font_icon=&#8220;&#xe05e;||fa||900&#8243; icon_color=&#8220;gcid-1975f089-ba3f-49f9-b3a7-d9cf74486b61&#8243; icon_width=&#8220;200px&#8220; _builder_version=&#8220;4.19.5&#8243; _module_preset=&#8220;default&#8220; global_colors_info=&#8220;{%22gcid-1975f089-ba3f-49f9-b3a7-d9cf74486b61%22:%91%22icon_color%22%93}&#8220;][\/et_pb_icon][\/et_pb_column][\/et_pb_row][et_pb_row column_structure=&#8220;2_5,3_5&#8243; make_equal=&#8220;on&#8220; _builder_version=&#8220;4.19.4&#8243; _module_preset=&#8220;default&#8220; global_colors_info=&#8220;{}&#8220;][et_pb_column type=&#8220;2_5&#8243; _builder_version=&#8220;4.19.4&#8243; _module_preset=&#8220;default&#8220; global_colors_info=&#8220;{}&#8220;][et_pb_blurb title=&#8220;Unsere Reinigungsdienstleistungen&#8220; use_icon=&#8220;on&#8220; font_icon=&#8220;&#xf51a;||fa||900&#8243; icon_color=&#8220;gcid-1975f089-ba3f-49f9-b3a7-d9cf74486b61&#8243; _builder_version=&#8220;4.19.5&#8243; _dynamic_attributes=&#8220;link_option_url&#8220; _module_preset=&#8220;default&#8220; header_text_color=&#8220;gcid-1975f089-ba3f-49f9-b3a7-d9cf74486b61&#8243; min_height=&#8220;415px&#8220; custom_margin=&#8220;||||false|false&#8220; custom_padding=&#8220;20px|20px|20px|20px|true|true&#8220; animation_style=&#8220;fade&#8220; link_option_url=&#8220;@ET-DC@eyJkeW5hbWljIjp0cnVlLCJjb250ZW50IjoicG9zdF9saW5rX3VybF9wYWdlIiwic2V0dGluZ3MiOnsicG9zdF9pZCI6IjIwOTQifX0=@&#8220; box_shadow_style=&#8220;preset1&#8243; global_colors_info=&#8220;{%22gcid-1975f089-ba3f-49f9-b3a7-d9cf74486b61%22:%91%22icon_color%22,%22header_text_color%22%93}&#8220; transform_styles__hover_enabled=&#8220;on|hover&#8220; transform_scale__hover_enabled=&#8220;on|hover&#8220; transform_translate__hover_enabled=&#8220;on|desktop&#8220; transform_rotate__hover_enabled=&#8220;on|desktop&#8220; transform_skew__hover_enabled=&#8220;on|desktop&#8220; transform_origin__hover_enabled=&#8220;on|desktop&#8220; transform_scale__hover=&#8220;110%|110%&#8220;]<\/p>\n<p><span>Werfen Sie einen Blick auf unser umfangreiches Angebot an Reinigungsdienstleistungen. <\/span><\/p>\n<p><span>Unsere Angebotspalette an Reinigungsdienstleistungen wird st\u00e4ndig den wachsenden Anforderungen und individuellen Bed\u00fcrfnissen unserer Kunden angepasst.<\/span><\/p>\n<p><span>Fordern Sie jetzt ein Angebot an, oder vereinbaren Sie einen kostenlosen Besichtigungstermin, des zu reinigenden Objektes.<\/span><\/p>\n<p>[\/et_pb_blurb][\/et_pb_column][et_pb_column type=&#8220;3_5&#8243; _builder_version=&#8220;4.19.4&#8243; _module_preset=&#8220;default&#8220; global_colors_info=&#8220;{}&#8220;][et_pb_image src=&#8220;https:\/\/sb-objektreinigung.de\/wp-content\/uploads\/2023\/01\/30.jpg&#8220; title_text=&#8220;30&#8243; _builder_version=&#8220;4.19.4&#8243; _module_preset=&#8220;default&#8220; animation_style=&#8220;fade&#8220; box_shadow_style=&#8220;preset1&#8243; global_colors_info=&#8220;{}&#8220;][\/et_pb_image][\/et_pb_column][\/et_pb_row][\/et_pb_section][et_pb_section fb_built=&#8220;1&#8243; _builder_version=&#8220;4.19.4&#8243; _module_preset=&#8220;default&#8220; background_color=&#8220;rgba(52,179,228,0.1)&#8220; global_colors_info=&#8220;{}&#8220;][et_pb_row column_structure=&#8220;3_5,2_5&#8243; make_equal=&#8220;on&#8220; _builder_version=&#8220;4.19.4&#8243; _module_preset=&#8220;default&#8220; global_colors_info=&#8220;{}&#8220;][et_pb_column type=&#8220;3_5&#8243; _builder_version=&#8220;4.19.4&#8243; _module_preset=&#8220;default&#8220; global_colors_info=&#8220;{}&#8220;][et_pb_image src=&#8220;https:\/\/sb-objektreinigung.de\/wp-content\/uploads\/2023\/01\/flpc9_vocj4.jpg&#8220; alt=&#8220;person using laptop&#8220; title_text=&#8220;Foto von John Schnobrich&#8220; _builder_version=&#8220;4.19.4&#8243; _module_preset=&#8220;default&#8220; animation_style=&#8220;slide&#8220; box_shadow_style=&#8220;preset1&#8243; global_colors_info=&#8220;{}&#8220;][\/et_pb_image][\/et_pb_column][et_pb_column type=&#8220;2_5&#8243; _builder_version=&#8220;4.19.4&#8243; _module_preset=&#8220;default&#8220; global_colors_info=&#8220;{}&#8220;][et_pb_blurb title=&#8220;Kundenbewertungen&#8220; use_icon=&#8220;on&#8220; font_icon=&#8220;&#xf086;||fa||900&#8243; icon_color=&#8220;gcid-1975f089-ba3f-49f9-b3a7-d9cf74486b61&#8243; _builder_version=&#8220;4.19.4&#8243; _dynamic_attributes=&#8220;link_option_url&#8220; _module_preset=&#8220;default&#8220; header_text_color=&#8220;gcid-1975f089-ba3f-49f9-b3a7-d9cf74486b61&#8243; background_color=&#8220;#FFFFFF&#8220; min_height=&#8220;390px&#8220; custom_margin=&#8220;||||false|false&#8220; custom_padding=&#8220;20px|20px|20px|20px|true|true&#8220; animation_style=&#8220;fade&#8220; link_option_url=&#8220;@ET-DC@eyJkeW5hbWljIjp0cnVlLCJjb250ZW50IjoicG9zdF9saW5rX3VybF9wYWdlIiwic2V0dGluZ3MiOnsicG9zdF9pZCI6IjIxMTgifX0=@&#8220; box_shadow_style=&#8220;preset1&#8243; global_colors_info=&#8220;{%22gcid-1975f089-ba3f-49f9-b3a7-d9cf74486b61%22:%91%22icon_color%22,%22header_text_color%22%93}&#8220; transform_styles__hover_enabled=&#8220;on|hover&#8220; transform_scale__hover_enabled=&#8220;on|hover&#8220; transform_translate__hover_enabled=&#8220;on|desktop&#8220; transform_rotate__hover_enabled=&#8220;on|desktop&#8220; transform_skew__hover_enabled=&#8220;on|desktop&#8220; transform_origin__hover_enabled=&#8220;on|desktop&#8220; transform_scale__hover=&#8220;110%|110%&#8220;]<\/p>\n<p>Erfahren Sie, wie unsere Kunden uns bewerten, beispielsweise auf Google Review oder golocal.<\/p>\n<p>Oder rufen Sie uns einfach an und wir erl\u00e4utern Ihnen gerne, warum unsere Kunden uns vertrauen und weshalb auch Sie uns vertrauen k\u00f6nnen.<\/p>\n<p>[\/et_pb_blurb][\/et_pb_column][\/et_pb_row][\/et_pb_section][et_pb_section fb_built=&#8220;1&#8243; admin_label=&#8220;Abschnitt&#8220; _builder_version=&#8220;4.19.4&#8243; _module_preset=&#8220;default&#8220; global_colors_info=&#8220;{}&#8220;][et_pb_row column_structure=&#8220;2_5,3_5&#8243; make_equal=&#8220;on&#8220; _builder_version=&#8220;4.19.4&#8243; _module_preset=&#8220;default&#8220; global_colors_info=&#8220;{}&#8220;][et_pb_column type=&#8220;2_5&#8243; _builder_version=&#8220;4.19.4&#8243; _module_preset=&#8220;default&#8220; global_colors_info=&#8220;{}&#8220;][et_pb_blurb title=&#8220;Nehmen Sie Kontakt mit uns auf.&#8220; use_icon=&#8220;on&#8220; font_icon=&#8220;&#xf2bb;||fa||900&#8243; icon_color=&#8220;gcid-1975f089-ba3f-49f9-b3a7-d9cf74486b61&#8243; _builder_version=&#8220;4.19.4&#8243; _module_preset=&#8220;default&#8220; header_text_color=&#8220;gcid-1975f089-ba3f-49f9-b3a7-d9cf74486b61&#8243; min_height=&#8220;390px&#8220; custom_margin=&#8220;||||false|false&#8220; custom_padding=&#8220;20px|20px|20px|20px|true|true&#8220; link_option_url=&#8220;\/kontakt\/#kontaktinfos&#8220; box_shadow_style=&#8220;preset1&#8243; global_colors_info=&#8220;{%22gcid-1975f089-ba3f-49f9-b3a7-d9cf74486b61%22:%91%22icon_color%22,%22header_text_color%22%93}&#8220; transform_styles__hover_enabled=&#8220;on|hover&#8220; transform_scale__hover_enabled=&#8220;on|hover&#8220; transform_translate__hover_enabled=&#8220;on|desktop&#8220; transform_rotate__hover_enabled=&#8220;on|desktop&#8220; transform_skew__hover_enabled=&#8220;on|desktop&#8220; transform_origin__hover_enabled=&#8220;on|desktop&#8220; transform_scale__hover=&#8220;110%|110%&#8220;]<\/p>\n<p>Sie k\u00f6nnen unser Online-Formular verwenden oder \u00fcber den Chatbot einen R\u00fcckruf anfordern.<\/p>\n<p>Wir melden uns in der Regel innerhalb eines Werktages bei Ihnen zur\u00fcck!<\/p>\n<p>[\/et_pb_blurb][\/et_pb_column][et_pb_column type=&#8220;3_5&#8243; _builder_version=&#8220;4.19.4&#8243; _module_preset=&#8220;default&#8220; global_colors_info=&#8220;{}&#8220;][et_pb_image src=&#8220;https:\/\/sb-objektreinigung.de\/wp-content\/uploads\/2023\/01\/804065.jpg&#8220; alt=&#8220;false&#8220; title_text=&#8220;Foto von Hassan OUAJBIR&#8220; _builder_version=&#8220;4.19.4&#8243; _module_preset=&#8220;default&#8220; box_shadow_style=&#8220;preset1&#8243; global_colors_info=&#8220;{}&#8220;][\/et_pb_image][\/et_pb_column][\/et_pb_row][\/et_pb_section]<\/p>\n","protected":false},"excerpt":{"rendered":"<p>SB-ObjektreinigungIhr zuverl\u00e4ssiger Partner f\u00fcr Geb\u00e4udereinigung. Einfach kostenlose Vor-Ort-Beratung anfragen.Alles sauber im Handumdrehen Unsere in K\u00f6ln ans\u00e4ssige Firma f\u00fcr Geb\u00e4udereinigung steht Ihnen mit einer Vielzahl von unterschiedlichen Leistungen und motivierten Fachkr\u00e4ften zur Verf\u00fcgung, um f\u00fcr die Sauberkeit und Ordnung in Ihren privaten oder gewerblich genutzten Einrichtungen zu sorgen. Wenn Sie in der Innenstadt K\u00f6ln oder in [&hellip;]<\/p>\n","protected":false},"author":2,"featured_media":0,"parent":0,"menu_order":1,"comment_status":"closed","ping_status":"closed","template":"","meta":{"_seopress_robots_primary_cat":"","_seopress_titles_title":"","_seopress_titles_desc":"","_seopress_robots_index":"","_et_pb_use_builder":"on","_et_pb_old_content":"","_et_gb_content_width":"","inline_featured_image":false,"footnotes":""},"class_list":["post-2064","page","type-page","status-publish","hentry"],"_links":{"self":[{"href":"https:\/\/sb-objektreinigung.de\/en\/wp-json\/wp\/v2\/pages\/2064","targetHints":{"allow":["GET"]}}],"collection":[{"href":"https:\/\/sb-objektreinigung.de\/en\/wp-json\/wp\/v2\/pages"}],"about":[{"href":"https:\/\/sb-objektreinigung.de\/en\/wp-json\/wp\/v2\/types\/page"}],"author":[{"embeddable":true,"href":"https:\/\/sb-objektreinigung.de\/en\/wp-json\/wp\/v2\/users\/2"}],"replies":[{"embeddable":true,"href":"https:\/\/sb-objektreinigung.de\/en\/wp-json\/wp\/v2\/comments?post=2064"}],"version-history":[{"count":55,"href":"https:\/\/sb-objektreinigung.de\/en\/wp-json\/wp\/v2\/pages\/2064\/revisions"}],"predecessor-version":[{"id":2679,"href":"https:\/\/sb-objektreinigung.de\/en\/wp-json\/wp\/v2\/pages\/2064\/revisions\/2679"}],"wp:attachment":[{"href":"https:\/\/sb-objektreinigung.de\/en\/wp-json\/wp\/v2\/media?parent=2064"}],"curies":[{"name":"wp","href":"https:\/\/api.w.org\/{rel}","templated":true}]}}