{"id":2058,"date":"2023-01-11T10:09:17","date_gmt":"2023-01-11T10:09:17","guid":{"rendered":"https:\/\/sb-objektreinigung.de\/?page_id=2058"},"modified":"2023-02-13T07:52:01","modified_gmt":"2023-02-13T07:52:01","slug":"kontakt","status":"publish","type":"page","link":"https:\/\/sb-objektreinigung.de\/tr\/kontakt\/","title":{"rendered":"Temas"},"content":{"rendered":"<p>[et_pb_section fb_built=&#8220;1&#8243; fullwidth=&#8220;on&#8220; admin_label=&#8220;Header&#8220; _builder_version=&#8220;4.16&#8243; background_image=&#8220;https:\/\/sb-objektreinigung.de\/wp-content\/uploads\/2023\/01\/cleaning-services-11.jpg&#8220; parallax=&#8220;on&#8220; custom_margin=&#8220;|||&#8220; custom_padding=&#8220;|||&#8220; global_colors_info=&#8220;{}&#8220;][et_pb_fullwidth_header title=&#8220;Was uns auszeichnet&#8220; button_one_text=&#8220;Kontaktinfos und -formular&#8220; button_one_url=&#8220;#kontaktinfos&#8220; button_two_url=&#8220;#&#8220; scroll_down_icon_size_tablet=&#8220;&#8220; scroll_down_icon_size_phone=&#8220;&#8220; scroll_down_icon_size_last_edited=&#8220;on|phone&#8220; _builder_version=&#8220;4.19.5&#8243; title_font=&#8220;||||||||&#8220; title_text_color=&#8220;#34B3E4&#8243; title_font_size=&#8220;70px&#8220; title_line_height=&#8220;1.2em&#8220; content_font=&#8220;|600|||||||&#8220; content_font_size=&#8220;20px&#8220; content_line_height=&#8220;2em&#8220; background_color=&#8220;rgba(255,255,255,0)&#8220; use_background_color_gradient=&#8220;on&#8220; background_color_gradient_type=&#8220;circular&#8220; background_color_gradient_direction_radial=&#8220;left&#8220; background_color_gradient_stops=&#8220;rgba(255,255,255,0.7) 0%|#ffffff 70%&#8220; background_color_gradient_start=&#8220;rgba(255,255,255,0)&#8220; background_color_gradient_end=&#8220;#ffffff&#8220; background_color_gradient_end_position=&#8220;70%&#8220; background_image=&#8220;https:\/\/sb-objektreinigung.de\/wp-content\/uploads\/2023\/01\/cleaning-services-01.png&#8220; custom_button_one=&#8220;on&#8220; button_one_text_size=&#8220;18px&#8220; button_one_text_color=&#8220;#ffffff&#8220; button_one_bg_color=&#8220;#34B3E4&#8243; button_one_bg_color_gradient_direction=&#8220;90deg&#8220; button_one_bg_color_gradient_stops=&#8220;#f2835a 0%|#fab993 100%&#8220; button_one_bg_color_gradient_overlays_image=&#8220;on&#8220; button_one_bg_color_gradient_start=&#8220;#f2835a&#8220; button_one_bg_color_gradient_end=&#8220;#fab993&#8243; button_one_border_width=&#8220;10px&#8220; button_one_border_color=&#8220;#34B3E4&#8243; button_one_border_radius=&#8220;0px&#8220; button_one_font=&#8220;|700|||||||&#8220; custom_button_two=&#8220;on&#8220; button_two_text_size=&#8220;18px&#8220; button_two_text_color=&#8220;#ffffff&#8220; button_two_bg_color=&#8220;#557df3&#8243; button_two_border_width=&#8220;10px&#8220; button_two_border_color=&#8220;#557df3&#8243; button_two_border_radius=&#8220;0px&#8220; button_two_font=&#8220;Ubuntu|700|||||||&#8220; background_layout=&#8220;light&#8220; custom_padding=&#8220;6vw||10vw||false&#8220; custom_padding_tablet=&#8220;||||false&#8220; custom_padding_phone=&#8220;3vw||6vw||false&#8220; custom_padding_last_edited=&#8220;on|phone&#8220; animation_style=&#8220;fade&#8220; title_font_size_tablet=&#8220;35px&#8220; title_font_size_phone=&#8220;25px&#8220; title_font_size_last_edited=&#8220;on|phone&#8220; content_font_size_tablet=&#8220;16px&#8220; content_font_size_phone=&#8220;14px&#8220; content_font_size_last_edited=&#8220;on|phone&#8220; button_one_text_size_tablet=&#8220;&#8220; button_one_text_size_phone=&#8220;&#8220; button_one_text_size_last_edited=&#8220;on|desktop&#8220; button_one_border_radius_hover=&#8220;0px&#8220; button_two_border_radius_hover=&#8220;0px&#8220; global_colors_info=&#8220;{}&#8220; button_one_text_size__hover_enabled=&#8220;off&#8220; button_two_text_size__hover_enabled=&#8220;off&#8220; button_one_text_color__hover_enabled=&#8220;off&#8220; button_two_text_color__hover_enabled=&#8220;off&#8220; button_one_border_width__hover_enabled=&#8220;off&#8220; button_two_border_width__hover_enabled=&#8220;off&#8220; button_one_border_color__hover_enabled=&#8220;on|hover&#8220; button_two_border_color__hover_enabled=&#8220;off&#8220; button_one_border_radius__hover_enabled=&#8220;on&#8220; button_one_border_radius__hover=&#8220;0px&#8220; button_two_border_radius__hover_enabled=&#8220;on&#8220; button_two_border_radius__hover=&#8220;0px&#8220; button_one_letter_spacing__hover_enabled=&#8220;off&#8220; button_two_letter_spacing__hover_enabled=&#8220;off&#8220; button_one_bg_color__hover_enabled=&#8220;on|hover&#8220; button_two_bg_color__hover_enabled=&#8220;off&#8220; button_one_border_color__hover=&#8220;#34B3E4&#8243; button_one_bg_color__hover=&#8220;#34B3E4&#8243;]<\/p>\n<p><strong>SB- Objektreinigung- Sauber ist, was wir tun. Wir sind ihr zuverl\u00e4ssiger und kompetenter Partner der Geb\u00e4udereinigung. H\u00f6chste Qualit\u00e4t, zuverl\u00e4ssig, termingerecht und professionell. Fordern sie noch heute ein unverbindliches Angebot an.<\/strong><strong><\/strong><strong><\/strong><\/p>\n<p>[\/et_pb_fullwidth_header][\/et_pb_section][et_pb_section fb_built=&#8220;1&#8243; admin_label=&#8220;\u00dcber uns&#8220; _builder_version=&#8220;4.19.4&#8243; _module_preset=&#8220;default&#8220; global_colors_info=&#8220;{}&#8220;][et_pb_row _builder_version=&#8220;4.19.4&#8243; _module_preset=&#8220;default&#8220; global_colors_info=&#8220;{}&#8220;][et_pb_column type=&#8220;4_4&#8243; _builder_version=&#8220;4.19.4&#8243; _module_preset=&#8220;default&#8220; global_colors_info=&#8220;{}&#8220;][et_pb_text _builder_version=&#8220;4.19.4&#8243; _module_preset=&#8220;default&#8220; text_font_size=&#8220;20px&#8220; text_line_height=&#8220;1.6em&#8220; header_2_text_color=&#8220;gcid-1975f089-ba3f-49f9-b3a7-d9cf74486b61&#8243; header_2_font_size=&#8220;39px&#8220; global_colors_info=&#8220;{%22gcid-1975f089-ba3f-49f9-b3a7-d9cf74486b61%22:%91%22header_2_text_color%22%93}&#8220;]<\/p>\n<h2>\u00dcber uns<\/h2>\n<p>Seit \u00fcber zwanzig Jahren arbeiten wir in der Objektreinigung, mit Leidenschaft und Kompetenz sind wir f\u00fcr unsere Kunden der zuverl\u00e4ssige Ansprechpartner in K\u00f6ln. Unsere Reinigungskr\u00e4fte zeichnen sich aus, durch ein hohes Ma\u00df an Sorgfalt, Sauberkeit und Diskretion aus. Wir bieten unseren Kunden fachgerechte L\u00f6sungen, gerne unterbreiten wir ihnen ein faires Angebot.<\/p>\n<p>[\/et_pb_text][\/et_pb_column][\/et_pb_row][\/et_pb_section][et_pb_section fb_built=&#8220;1&#8243; admin_label=&#8220;Kontaktinfos&#8220; module_id=&#8220;kontaktinfos&#8220; _builder_version=&#8220;4.19.4&#8243; background_color=&#8220;#ffffff&#8220; max_width=&#8220;90%&#8220; max_width_tablet=&#8220;90%&#8220; max_width_phone=&#8220;100%&#8220; max_width_last_edited=&#8220;on|tablet&#8220; module_alignment=&#8220;right&#8220; custom_margin=&#8220;-4vw||||false&#8220; animation_style=&#8220;slide&#8220; animation_direction=&#8220;right&#8220; animation_intensity_slide=&#8220;5%&#8220; border_radii=&#8220;on|6px|6px|6px|6px&#8220; box_shadow_style=&#8220;preset1&#8243; box_shadow_horizontal=&#8220;-80px&#8220; box_shadow_vertical=&#8220;80px&#8220; box_shadow_blur=&#8220;200px&#8220; box_shadow_color=&#8220;rgba(48,106,255,0.1)&#8220; global_colors_info=&#8220;{}&#8220;][et_pb_row column_structure=&#8220;1_3,1_3,1_3&#8243; _builder_version=&#8220;4.16&#8243; global_colors_info=&#8220;{}&#8220;][et_pb_column type=&#8220;1_3&#8243; _builder_version=&#8220;4.16&#8243; custom_padding=&#8220;|||&#8220; global_colors_info=&#8220;{}&#8220; custom_padding__hover=&#8220;|||&#8220;][et_pb_blurb title=&#8220;Festnetz: 0221 130 77 663&#8243; use_icon=&#8220;on&#8220; font_icon=&#8220;&#xe090;||divi||400&#8243; icon_color=&#8220;#557df3&#8243; icon_placement=&#8220;left&#8220; _builder_version=&#8220;4.19.4&#8243; header_level=&#8220;h6&#8243; header_font=&#8220;Ubuntu|700|||||||&#8220; header_text_color=&#8220;#557df3&#8243; header_font_size=&#8220;16px&#8220; header_line_height=&#8220;1.8em&#8220; body_font=&#8220;||||||||&#8220; border_color_all=&#8220;rgba(85,125,243,0.15)&#8220; border_width_right=&#8220;2px&#8220; locked=&#8220;off&#8220; global_colors_info=&#8220;{}&#8220;][\/et_pb_blurb][\/et_pb_column][et_pb_column type=&#8220;1_3&#8243; _builder_version=&#8220;4.16&#8243; custom_padding=&#8220;|||&#8220; global_colors_info=&#8220;{}&#8220; custom_padding__hover=&#8220;|||&#8220;][et_pb_blurb title=&#8220;Email: info@sb-objektreinigung.de&#8220; use_icon=&#8220;on&#8220; font_icon=&#8220;&#xe076;||divi||400&#8243; icon_color=&#8220;#63b6ff&#8220; icon_placement=&#8220;left&#8220; _builder_version=&#8220;4.19.4&#8243; header_level=&#8220;h6&#8243; header_font=&#8220;Ubuntu|700|||||||&#8220; header_text_color=&#8220;#63b6ff&#8220; header_font_size=&#8220;16px&#8220; header_line_height=&#8220;1.8em&#8220; body_font=&#8220;||||||||&#8220; border_color_all=&#8220;rgba(85,125,243,0.15)&#8220; border_width_right=&#8220;2px&#8220; locked=&#8220;off&#8220; global_colors_info=&#8220;{}&#8220;][\/et_pb_blurb][\/et_pb_column][et_pb_column type=&#8220;1_3&#8243; _builder_version=&#8220;4.16&#8243; custom_padding=&#8220;|||&#8220; global_colors_info=&#8220;{}&#8220; custom_padding__hover=&#8220;|||&#8220;][et_pb_blurb title=&#8220;Im Kalender online buchen&#8220; use_icon=&#8220;on&#8220; font_icon=&#8220;&#xe07e;||divi||400&#8243; icon_color=&#8220;#557df3&#8243; icon_placement=&#8220;left&#8220; _builder_version=&#8220;4.19.5&#8243; header_level=&#8220;h6&#8243; header_font=&#8220;Ubuntu|700|||||||&#8220; header_text_color=&#8220;#557df3&#8243; header_font_size=&#8220;16px&#8220; header_line_height=&#8220;1.8em&#8220; body_font=&#8220;||||||||&#8220; border_color_all=&#8220;rgba(85,125,243,0.15)&#8220; border_width_right=&#8220;2px&#8220; locked=&#8220;off&#8220; global_colors_info=&#8220;{}&#8220; link_option_url=&#8220;https:\/\/calendly.com\/info-56518&#8243; link_option_url_new_window=&#8220;on&#8220; sticky_enabled=&#8220;0&#8243;][\/et_pb_blurb][\/et_pb_column][\/et_pb_row][\/et_pb_section][et_pb_section fb_built=&#8220;1&#8243; admin_label=&#8220;kontaktformular&#8220; module_id=&#8220;kontakt&#8220; _builder_version=&#8220;4.19.4&#8243; global_colors_info=&#8220;{}&#8220;][et_pb_row _builder_version=&#8220;4.19.4&#8243; global_colors_info=&#8220;{}&#8220;][et_pb_column type=&#8220;4_4&#8243; _builder_version=&#8220;4.16&#8243; custom_padding=&#8220;|||&#8220; global_colors_info=&#8220;{}&#8220; custom_padding__hover=&#8220;|||&#8220;][et_pb_text _builder_version=&#8220;4.19.4&#8243; text_font=&#8220;Ubuntu||||||||&#8220; text_font_size=&#8220;16px&#8220; text_line_height=&#8220;1.8em&#8220; header_font=&#8220;||||||||&#8220; header_3_font=&#8220;Ubuntu|700|||||||&#8220; header_3_font_size=&#8220;40px&#8220; header_3_font_size_tablet=&#8220;35px&#8220; header_3_font_size_phone=&#8220;25px&#8220; header_3_font_size_last_edited=&#8220;on|phone&#8220; locked=&#8220;off&#8220; global_colors_info=&#8220;{}&#8220;]<\/p>\n<h3>Kontakt<\/h3>\n<p>[\/et_pb_text][et_pb_contact_form email=&#8220;info@sb-objektreinigung.de&#8220; success_message=&#8220;Ihre Nachricht wurde erfolgreich versendet!&#8220; submit_button_text=&#8220;Nachricht senden&#8220; module_id=&#8220;et_pb_contact_form_0&#8243; _builder_version=&#8220;4.19.5&#8243; form_field_background_color=&#8220;#f4f6f7&#8243; title_level=&#8220;h3&#8243; title_font=&#8220;Ubuntu|700|||||||&#8220; title_font_size=&#8220;40px&#8220; title_line_height=&#8220;1.2em&#8220; form_field_font=&#8220;||||||||&#8220; form_field_font_size=&#8220;16px&#8220; form_field_line_height=&#8220;1.9em&#8220; custom_button=&#8220;on&#8220; button_text_size=&#8220;18px&#8220; button_text_color=&#8220;#ffffff&#8220; button_bg_color=&#8220;#34B3E4&#8243; button_border_width=&#8220;10px&#8220; button_border_color=&#8220;#34B3E4&#8243; button_border_radius=&#8220;0px&#8220; button_font=&#8220;|700|||||||&#8220; custom_margin=&#8220;||24px|&#8220; title_font_size_tablet=&#8220;35px&#8220; title_font_size_phone=&#8220;25px&#8220; title_font_size_last_edited=&#8220;on|phone&#8220; form_background_color=&#8220;#f4f6f7&#8243; global_colors_info=&#8220;{}&#8220;][et_pb_contact_field field_id=&#8220;Name&#8220; field_title=&#8220;Name&#8220; fullwidth_field=&#8220;on&#8220; _builder_version=&#8220;4.19.4&#8243; form_field_font=&#8220;||||||||&#8220; custom_margin=&#8220;||24px|&#8220; global_colors_info=&#8220;{}&#8220; button_text_size__hover_enabled=&#8220;off&#8220; button_one_text_size__hover_enabled=&#8220;off&#8220; button_two_text_size__hover_enabled=&#8220;off&#8220; button_text_color__hover_enabled=&#8220;off&#8220; button_one_text_color__hover_enabled=&#8220;off&#8220; button_two_text_color__hover_enabled=&#8220;off&#8220; button_border_width__hover_enabled=&#8220;off&#8220; button_one_border_width__hover_enabled=&#8220;off&#8220; button_two_border_width__hover_enabled=&#8220;off&#8220; button_border_color__hover_enabled=&#8220;off&#8220; button_one_border_color__hover_enabled=&#8220;off&#8220; button_two_border_color__hover_enabled=&#8220;off&#8220; button_border_radius__hover_enabled=&#8220;off&#8220; button_one_border_radius__hover_enabled=&#8220;off&#8220; button_two_border_radius__hover_enabled=&#8220;off&#8220; button_letter_spacing__hover_enabled=&#8220;off&#8220; button_one_letter_spacing__hover_enabled=&#8220;off&#8220; button_two_letter_spacing__hover_enabled=&#8220;off&#8220; button_bg_color__hover_enabled=&#8220;off&#8220; button_one_bg_color__hover_enabled=&#8220;off&#8220; button_two_bg_color__hover_enabled=&#8220;off&#8220;][\/et_pb_contact_field][et_pb_contact_field field_id=&#8220;Email&#8220; field_title=&#8220;Email Addresse&#8220; field_type=&#8220;email&#8220; fullwidth_field=&#8220;on&#8220; _builder_version=&#8220;4.19.4&#8243; custom_margin=&#8220;||24px|&#8220; global_colors_info=&#8220;{}&#8220; button_text_size__hover_enabled=&#8220;off&#8220; button_one_text_size__hover_enabled=&#8220;off&#8220; button_two_text_size__hover_enabled=&#8220;off&#8220; button_text_color__hover_enabled=&#8220;off&#8220; button_one_text_color__hover_enabled=&#8220;off&#8220; button_two_text_color__hover_enabled=&#8220;off&#8220; button_border_width__hover_enabled=&#8220;off&#8220; button_one_border_width__hover_enabled=&#8220;off&#8220; button_two_border_width__hover_enabled=&#8220;off&#8220; button_border_color__hover_enabled=&#8220;off&#8220; button_one_border_color__hover_enabled=&#8220;off&#8220; button_two_border_color__hover_enabled=&#8220;off&#8220; button_border_radius__hover_enabled=&#8220;off&#8220; button_one_border_radius__hover_enabled=&#8220;off&#8220; button_two_border_radius__hover_enabled=&#8220;off&#8220; button_letter_spacing__hover_enabled=&#8220;off&#8220; button_one_letter_spacing__hover_enabled=&#8220;off&#8220; button_two_letter_spacing__hover_enabled=&#8220;off&#8220; button_bg_color__hover_enabled=&#8220;off&#8220; button_one_bg_color__hover_enabled=&#8220;off&#8220; button_two_bg_color__hover_enabled=&#8220;off&#8220;][\/et_pb_contact_field][et_pb_contact_field field_id=&#8220;Telefon&#8220; field_title=&#8220;Telefon&#8220; allowed_symbols=&#8220;numbers&#8220; fullwidth_field=&#8220;on&#8220; _builder_version=&#8220;4.19.4&#8243; form_field_font=&#8220;||||||||&#8220; custom_margin=&#8220;||24px|&#8220; global_colors_info=&#8220;{}&#8220; button_text_size__hover_enabled=&#8220;off&#8220; button_one_text_size__hover_enabled=&#8220;off&#8220; button_two_text_size__hover_enabled=&#8220;off&#8220; button_text_color__hover_enabled=&#8220;off&#8220; button_one_text_color__hover_enabled=&#8220;off&#8220; button_two_text_color__hover_enabled=&#8220;off&#8220; button_border_width__hover_enabled=&#8220;off&#8220; button_one_border_width__hover_enabled=&#8220;off&#8220; button_two_border_width__hover_enabled=&#8220;off&#8220; button_border_color__hover_enabled=&#8220;off&#8220; button_one_border_color__hover_enabled=&#8220;off&#8220; button_two_border_color__hover_enabled=&#8220;off&#8220; button_border_radius__hover_enabled=&#8220;off&#8220; button_one_border_radius__hover_enabled=&#8220;off&#8220; button_two_border_radius__hover_enabled=&#8220;off&#8220; button_letter_spacing__hover_enabled=&#8220;off&#8220; button_one_letter_spacing__hover_enabled=&#8220;off&#8220; button_two_letter_spacing__hover_enabled=&#8220;off&#8220; button_bg_color__hover_enabled=&#8220;off&#8220; button_one_bg_color__hover_enabled=&#8220;off&#8220; button_two_bg_color__hover_enabled=&#8220;off&#8220;][\/et_pb_contact_field][et_pb_contact_field field_id=&#8220;Nachricht&#8220; field_title=&#8220;Nachricht&#8220; field_type=&#8220;text&#8220; fullwidth_field=&#8220;on&#8220; _builder_version=&#8220;4.19.4&#8243; custom_margin=&#8220;||24px|&#8220; global_colors_info=&#8220;{}&#8220; button_text_size__hover_enabled=&#8220;off&#8220; button_one_text_size__hover_enabled=&#8220;off&#8220; button_two_text_size__hover_enabled=&#8220;off&#8220; button_text_color__hover_enabled=&#8220;off&#8220; button_one_text_color__hover_enabled=&#8220;off&#8220; button_two_text_color__hover_enabled=&#8220;off&#8220; button_border_width__hover_enabled=&#8220;off&#8220; button_one_border_width__hover_enabled=&#8220;off&#8220; button_two_border_width__hover_enabled=&#8220;off&#8220; button_border_color__hover_enabled=&#8220;off&#8220; button_one_border_color__hover_enabled=&#8220;off&#8220; button_two_border_color__hover_enabled=&#8220;off&#8220; button_border_radius__hover_enabled=&#8220;off&#8220; button_one_border_radius__hover_enabled=&#8220;off&#8220; button_two_border_radius__hover_enabled=&#8220;off&#8220; button_letter_spacing__hover_enabled=&#8220;off&#8220; button_one_letter_spacing__hover_enabled=&#8220;off&#8220; button_two_letter_spacing__hover_enabled=&#8220;off&#8220; button_bg_color__hover_enabled=&#8220;off&#8220; button_one_bg_color__hover_enabled=&#8220;off&#8220; button_two_bg_color__hover_enabled=&#8220;off&#8220;][\/et_pb_contact_field][\/et_pb_contact_form][\/et_pb_column][\/et_pb_row][\/et_pb_section][et_pb_section fb_built=&#8220;1&#8243; admin_label=&#8220;Anfahrt&#8220; module_id=&#8220;anfahrt&#8220; _builder_version=&#8220;4.19.4&#8243; _module_preset=&#8220;default&#8220; width=&#8220;100%&#8220; max_width=&#8220;100%&#8220; custom_margin=&#8220;50px||100px||false|false&#8220; custom_padding=&#8220;0px||0px||true|false&#8220; global_colors_info=&#8220;{}&#8220;][et_pb_row _builder_version=&#8220;4.19.4&#8243; _module_preset=&#8220;default&#8220; global_colors_info=&#8220;{}&#8220;][et_pb_column type=&#8220;4_4&#8243; _builder_version=&#8220;4.19.4&#8243; _module_preset=&#8220;default&#8220; global_colors_info=&#8220;{}&#8220;][et_pb_text _builder_version=&#8220;4.19.4&#8243; _module_preset=&#8220;default&#8220; text_font_size=&#8220;20px&#8220; text_line_height=&#8220;1.6em&#8220; header_2_text_align=&#8220;center&#8220; header_2_text_color=&#8220;gcid-1975f089-ba3f-49f9-b3a7-d9cf74486b61&#8243; header_2_font_size=&#8220;39px&#8220; global_colors_info=&#8220;{%22gcid-1975f089-ba3f-49f9-b3a7-d9cf74486b61%22:%91%22header_2_text_color%22%93}&#8220;]<\/p>\n<h2>Anfahrt<\/h2>\n<p>[\/et_pb_text][\/et_pb_column][\/et_pb_row][et_pb_row _builder_version=&#8220;4.19.4&#8243; _module_preset=&#8220;default&#8220; width=&#8220;100%&#8220; max_width=&#8220;100%&#8220; custom_margin=&#8220;0px||0px||true|false&#8220; custom_padding=&#8220;0px||0px||true|false&#8220; global_colors_info=&#8220;{}&#8220;][et_pb_column type=&#8220;4_4&#8243; _builder_version=&#8220;4.19.4&#8243; _module_preset=&#8220;default&#8220; global_colors_info=&#8220;{}&#8220;][et_pb_code _builder_version=&#8220;4.19.4&#8243; _module_preset=&#8220;default&#8220; global_colors_info=&#8220;{}&#8220;]<iframe src=\"https:\/\/www.google.com\/maps\/embed?pb=!1m18!1m12!1m3!1d2510.5161509947625!2d6.867409915046903!3d51.00661267955592!2m3!1f0!2f0!3f0!3m2!1i1024!2i768!4f13.1!3m3!1m2!1s0x47bf304527a93233%3A0x4637e0003bc7e51e!2sDonatusstr.%2028%2C%2050767%20K%C3%B6ln!5e0!3m2!1sen!2sde!4v1673713339396!5m2!1sen!2sde\" width=\"100%\" height=\"350\" style=\"border:0;\" allowfullscreen=\"\" loading=\"lazy\" referrerpolicy=\"no-referrer-when-downgrade\"><\/iframe>[\/et_pb_code][\/et_pb_column][\/et_pb_row][\/et_pb_section]<\/p>\n","protected":false},"excerpt":{"rendered":"<p>SB- Objektreinigung- Sauber ist, was wir tun. Wir sind ihr zuverl\u00e4ssiger und kompetenter Partner der Geb\u00e4udereinigung. H\u00f6chste Qualit\u00e4t, zuverl\u00e4ssig, termingerecht und professionell. Fordern sie noch heute ein unverbindliches Angebot an.\u00dcber uns Seit \u00fcber zwanzig Jahren arbeiten wir in der Objektreinigung, mit Leidenschaft und Kompetenz sind wir f\u00fcr unsere Kunden der zuverl\u00e4ssige Ansprechpartner in K\u00f6ln. Unsere [&hellip;]<\/p>\n","protected":false},"author":2,"featured_media":0,"parent":0,"menu_order":42,"comment_status":"closed","ping_status":"closed","template":"","meta":{"_seopress_robots_primary_cat":"","_seopress_titles_title":"","_seopress_titles_desc":"","_seopress_robots_index":"","_et_pb_use_builder":"on","_et_pb_old_content":"","_et_gb_content_width":"","inline_featured_image":false,"footnotes":""},"class_list":["post-2058","page","type-page","status-publish","hentry"],"_links":{"self":[{"href":"https:\/\/sb-objektreinigung.de\/tr\/wp-json\/wp\/v2\/pages\/2058","targetHints":{"allow":["GET"]}}],"collection":[{"href":"https:\/\/sb-objektreinigung.de\/tr\/wp-json\/wp\/v2\/pages"}],"about":[{"href":"https:\/\/sb-objektreinigung.de\/tr\/wp-json\/wp\/v2\/types\/page"}],"author":[{"embeddable":true,"href":"https:\/\/sb-objektreinigung.de\/tr\/wp-json\/wp\/v2\/users\/2"}],"replies":[{"embeddable":true,"href":"https:\/\/sb-objektreinigung.de\/tr\/wp-json\/wp\/v2\/comments?post=2058"}],"version-history":[{"count":25,"href":"https:\/\/sb-objektreinigung.de\/tr\/wp-json\/wp\/v2\/pages\/2058\/revisions"}],"predecessor-version":[{"id":2641,"href":"https:\/\/sb-objektreinigung.de\/tr\/wp-json\/wp\/v2\/pages\/2058\/revisions\/2641"}],"wp:attachment":[{"href":"https:\/\/sb-objektreinigung.de\/tr\/wp-json\/wp\/v2\/media?parent=2058"}],"curies":[{"name":"wp","href":"https:\/\/api.w.org\/{rel}","templated":true}]}}