{"id":2122,"date":"2023-01-11T12:16:20","date_gmt":"2023-01-11T12:16:20","guid":{"rendered":"https:\/\/sb-objektreinigung.de\/?page_id=2122"},"modified":"2023-01-26T15:12:28","modified_gmt":"2023-01-26T15:12:28","slug":"jobs","status":"publish","type":"page","link":"https:\/\/sb-objektreinigung.de\/tr\/meslekler\/","title":{"rendered":"Meslekler"},"content":{"rendered":"<p>[et_pb_section fb_built=&#8220;1&#8243; fullwidth=&#8220;on&#8220; admin_label=&#8220;Header&#8220; _builder_version=&#8220;4.19.4&#8243; background_image=&#8220;https:\/\/sb-objektreinigung.de\/wp-content\/uploads\/2023\/01\/cleaning-services-11.jpg&#8220; parallax=&#8220;on&#8220; custom_margin=&#8220;|||&#8220; custom_padding=&#8220;|||&#8220; global_colors_info=&#8220;{}&#8220;][et_pb_fullwidth_header title=&#8220;Jobs&#8220; button_one_text=&#8220;Kontakt aufnehmen&#8220; button_one_url=&#8220;\/kontakt\/#kontakt&#8220; button_two_url=&#8220;#&#8220; scroll_down_icon_size_tablet=&#8220;&#8220; scroll_down_icon_size_phone=&#8220;&#8220; scroll_down_icon_size_last_edited=&#8220;on|phone&#8220; _builder_version=&#8220;4.19.5&#8243; title_font=&#8220;||||||||&#8220; title_text_color=&#8220;#34B3E4&#8243; title_font_size=&#8220;70px&#8220; title_line_height=&#8220;1.2em&#8220; content_font=&#8220;||||||||&#8220; content_font_size=&#8220;20px&#8220; content_line_height=&#8220;1.71em&#8220; background_color=&#8220;rgba(255,255,255,0)&#8220; use_background_color_gradient=&#8220;on&#8220; background_color_gradient_direction=&#8220;0deg&#8220; background_color_gradient_stops=&#8220;rgba(255,255,255,0) 0%|#ffffff 62%&#8220; background_color_gradient_start=&#8220;rgba(255,255,255,0)&#8220; background_color_gradient_end=&#8220;#ffffff&#8220; background_color_gradient_end_position=&#8220;70%&#8220; background_image=&#8220;https:\/\/sb-objektreinigung.de\/wp-content\/uploads\/2023\/01\/cleaning-services-01.png&#8220; custom_button_one=&#8220;on&#8220; button_one_text_size=&#8220;18px&#8220; button_one_text_color=&#8220;#ffffff&#8220; button_one_bg_color=&#8220;#34B3E4&#8243; button_one_bg_color_gradient_direction=&#8220;90deg&#8220; button_one_bg_color_gradient_stops=&#8220;#f2835a 0%|#fab993 100%&#8220; button_one_bg_color_gradient_overlays_image=&#8220;on&#8220; button_one_bg_color_gradient_start=&#8220;#f2835a&#8220; button_one_bg_color_gradient_end=&#8220;#fab993&#8243; button_one_border_width=&#8220;10px&#8220; button_one_border_color=&#8220;#34B3E4&#8243; button_one_border_radius=&#8220;0px&#8220; button_one_font=&#8220;|700|||||||&#8220; custom_button_two=&#8220;on&#8220; button_two_text_size=&#8220;18px&#8220; button_two_text_color=&#8220;#ffffff&#8220; button_two_bg_color=&#8220;#557df3&#8243; button_two_border_width=&#8220;10px&#8220; button_two_border_color=&#8220;#557df3&#8243; button_two_border_radius=&#8220;0px&#8220; button_two_font=&#8220;Ubuntu|700|||||||&#8220; background_layout=&#8220;light&#8220; custom_padding=&#8220;6vw|25vw|10vw||false|false&#8220; custom_padding_tablet=&#8220;||||false&#8220; custom_padding_phone=&#8220;3vw||6vw||false&#8220; custom_padding_last_edited=&#8220;on|phone&#8220; animation_style=&#8220;fade&#8220; hover_enabled=&#8220;0&#8243; title_font_size_tablet=&#8220;35px&#8220; title_font_size_phone=&#8220;25px&#8220; title_font_size_last_edited=&#8220;on|phone&#8220; content_font_size_tablet=&#8220;16px&#8220; content_font_size_phone=&#8220;14px&#8220; content_font_size_last_edited=&#8220;on|phone&#8220; button_one_text_size_tablet=&#8220;&#8220; button_one_text_size_phone=&#8220;&#8220; button_one_text_size_last_edited=&#8220;on|desktop&#8220; button_one_border_radius_hover=&#8220;0px&#8220; button_two_border_radius_hover=&#8220;0px&#8220; global_colors_info=&#8220;{}&#8220; button_one_text_size__hover_enabled=&#8220;off&#8220; button_two_text_size__hover_enabled=&#8220;off&#8220; button_one_text_color__hover_enabled=&#8220;off&#8220; button_two_text_color__hover_enabled=&#8220;off&#8220; button_one_border_width__hover_enabled=&#8220;off&#8220; button_two_border_width__hover_enabled=&#8220;off&#8220; button_one_border_color__hover_enabled=&#8220;off&#8220; button_two_border_color__hover_enabled=&#8220;off&#8220; button_one_border_radius__hover_enabled=&#8220;on&#8220; button_one_border_radius__hover=&#8220;0px&#8220; button_two_border_radius__hover_enabled=&#8220;on&#8220; button_two_border_radius__hover=&#8220;0px&#8220; button_one_letter_spacing__hover_enabled=&#8220;off&#8220; button_two_letter_spacing__hover_enabled=&#8220;off&#8220; button_one_bg_color__hover_enabled=&#8220;off&#8220; button_two_bg_color__hover_enabled=&#8220;off&#8220; max_width=&#8220;100%&#8220; box_shadow_style=&#8220;preset1&#8243; sticky_enabled=&#8220;0&#8243;]<\/p>\n<p>Wir suchen regelm\u00e4\u00dfig motivierte Reinigungskr\u00e4fte m\/w in Teilzeit oder Minijob-Basis.<\/p>\n<p>&nbsp;<\/p>\n<p><span>Haben wir Ihr Interesse geweckt? <\/span><span>Dann senden Sie uns jetzt Ihre aussagekr\u00e4ftigen Bewerbungsunterlagen per Post oder nutzen Sie die M\u00f6glichkeit und senden uns Ihre Bewerbung via E-Mail an: info@sb-objektreinigung.de Sie w\u00fcnschen n\u00e4here Informationen?<\/span><\/p>\n<p>[\/et_pb_fullwidth_header][\/et_pb_section]<\/p>\n","protected":false},"excerpt":{"rendered":"<p>D\u00fczenli olarak motive olmu\u015f yar\u0131 zamanl\u0131 veya mini i\u015f temizlik personeli ar\u0131yoruz. \u0130lginizi \u00e7ektik mi? O halde ayr\u0131nt\u0131l\u0131 ba\u015fvuru belgelerinizi \u015fimdi posta yoluyla bize g\u00f6nderin veya ba\u015fvurunuzu bize e-posta ile \u015fu adrese g\u00f6nderme f\u0131rsat\u0131ndan yararlan\u0131n: info@sb-objektreinigung.de Daha fazla bilgi ister misiniz?<\/p>","protected":false},"author":2,"featured_media":0,"parent":0,"menu_order":30,"comment_status":"closed","ping_status":"closed","template":"","meta":{"_seopress_robots_primary_cat":"","_seopress_titles_title":"","_seopress_titles_desc":"","_seopress_robots_index":"","_et_pb_use_builder":"on","_et_pb_old_content":"","_et_gb_content_width":"","inline_featured_image":false,"footnotes":""},"class_list":["post-2122","page","type-page","status-publish","hentry"],"_links":{"self":[{"href":"https:\/\/sb-objektreinigung.de\/tr\/wp-json\/wp\/v2\/pages\/2122","targetHints":{"allow":["GET"]}}],"collection":[{"href":"https:\/\/sb-objektreinigung.de\/tr\/wp-json\/wp\/v2\/pages"}],"about":[{"href":"https:\/\/sb-objektreinigung.de\/tr\/wp-json\/wp\/v2\/types\/page"}],"author":[{"embeddable":true,"href":"https:\/\/sb-objektreinigung.de\/tr\/wp-json\/wp\/v2\/users\/2"}],"replies":[{"embeddable":true,"href":"https:\/\/sb-objektreinigung.de\/tr\/wp-json\/wp\/v2\/comments?post=2122"}],"version-history":[{"count":11,"href":"https:\/\/sb-objektreinigung.de\/tr\/wp-json\/wp\/v2\/pages\/2122\/revisions"}],"predecessor-version":[{"id":2601,"href":"https:\/\/sb-objektreinigung.de\/tr\/wp-json\/wp\/v2\/pages\/2122\/revisions\/2601"}],"wp:attachment":[{"href":"https:\/\/sb-objektreinigung.de\/tr\/wp-json\/wp\/v2\/media?parent=2122"}],"curies":[{"name":"wp","href":"https:\/\/api.w.org\/{rel}","templated":true}]}}